{"id":543,"date":"2026-03-04T21:46:04","date_gmt":"2026-03-04T21:46:04","guid":{"rendered":"https:\/\/www.bestdoctorsinsurance.com\/?page_id=543"},"modified":"2026-04-21T17:33:11","modified_gmt":"2026-04-21T17:33:11","slug":"politica-de-reclamacoes","status":"publish","type":"page","link":"https:\/\/www.bestdoctorsinsurance.com\/pt\/complaints-policy\/","title":{"rendered":"politica de reclamacoes"},"content":{"rendered":"<div data-elementor-type=\"wp-page\" data-elementor-id=\"543\" class=\"elementor elementor-543\" data-elementor-post-type=\"page\">\n\t\t\t\t<div class=\"elementor-element elementor-element-7c418d32 e-flex e-con-boxed e-con e-parent\" data-id=\"7c418d32\" data-element_type=\"container\" data-e-type=\"container\">\n\t\t\t\t\t<div class=\"e-con-inner\">\n\t\t\t\t<div class=\"elementor-element elementor-element-4416fc8c elementor-widget elementor-widget-heading\" data-id=\"4416fc8c\" data-element_type=\"widget\" data-e-type=\"widget\" data-widget_type=\"heading.default\">\n\t\t\t\t\t<h1 class=\"elementor-heading-title elementor-size-default\">politica de reclamacoes<\/h1>\t\t\t\t<\/div>\n\t\t<div class=\"elementor-element elementor-element-19f19375 e-con-full e-flex e-con e-child\" data-id=\"19f19375\" data-element_type=\"container\" data-e-type=\"container\" data-settings=\"{&quot;background_background&quot;:&quot;classic&quot;}\">\n\t\t\t\t<div class=\"elementor-element elementor-element-5c0c3a41 elementor-widget elementor-widget-text-editor\" data-id=\"5c0c3a41\" data-element_type=\"widget\" data-e-type=\"widget\" data-widget_type=\"text-editor.default\">\n\t\t\t\t\t<style>.elementor-element-5c0c3a41{display:none !important}<\/style>\t\t\t\t<\/div>\n\t\t\t\t<div class=\"elementor-element elementor-element-ee4b11a elementor-widget elementor-widget-text-editor\" data-id=\"ee4b11a\" data-element_type=\"widget\" data-e-type=\"widget\" data-widget_type=\"text-editor.default\">\n\t\t\t\t\t\t\t\t\t<p><strong>Prop\u00f3sito<\/strong><br \/>Best Doctors Insurance Limited (BDIL), bem como suas afiliadas\/subsidi\u00e1rias, valora seus coment\u00e1rios de nossos clientes e parceiros como um componente vital de nossa melhoria cont\u00ednua. Dedicamo-nos a conduzir neg\u00f3cios com os mais altos padr\u00f5es de \u00e9tica e qualidade de servi\u00e7o para oferecer uma experi\u00eancia extraordin\u00e1ria aos nossos clientes. Como parte dessa jornada, a BDIL oferece a seus segurados um processo claro e estruturado para enviar reclama\u00e7\u00f5es e receber uma resolu\u00e7\u00e3o r\u00e1pida, justa, confidencial e eficaz, cumprindo suas obriga\u00e7\u00f5es regulat\u00f3rias estabelecidas pela Autoridade Monet\u00e1ria das Bermudas (BMA) e \u00e0s melhores pr\u00e1ticas do setor.<\/p><p><strong>Defini\u00e7\u00e3o\u00a0<br \/><\/strong>Uma reclama\u00e7\u00e3o v\u00e1lida \u00e9 qualquer declara\u00e7\u00e3o, seja escrita ou verbal, de insatisfa\u00e7\u00e3o direcionada \u00e0 Empresa referente a um servi\u00e7o ou produto fornecido por ela, que aponte falha, irregularidade ou outra conduta incorreta.<\/p><p><strong>\u00c2mbito<\/strong><br \/>O procedimento atual permite o envio de reclama\u00e7\u00f5es para garantir que as preocupa\u00e7\u00f5es sejam abordadas de forma r\u00e1pida, justa e consistente, promovendo a confian\u00e7a e impulsionando melhorias no servi\u00e7o.<\/p><p>Nosso procedimento de gest\u00e3o de reclama\u00e7\u00f5es visa:<\/p><ul><li>Gerenciar as reclama\u00e7\u00f5es com efici\u00eancia, respeitando o direito dos clientes a um processo r\u00e1pido, eficaz, transparente e simples<\/li><li>Fornecer respostas claras e precisas e acompanhamento oportuno das reclama\u00e7\u00f5es, juntamente com informa\u00e7\u00f5es claras sobre o processo de tratamento das reclama\u00e7\u00f5es.<\/li><li>Documentar todas as reclama\u00e7\u00f5es para obter aprendizados e conclus\u00f5es que fortale\u00e7am a organiza\u00e7\u00e3o e, ao mesmo tempo, aprimorem a experi\u00eancia geral de servi\u00e7o para todos os parceiros.<\/li><\/ul><p><strong>Compromisso com a excel\u00eancia<\/strong><br \/>Na BDIL, a excel\u00eancia do servi\u00e7o est\u00e1 na ess\u00eancia de tudo o que fazemos e de como nos conectamos com nossos clientes e parceiros. Estamos comprometidos em lidar com todas as reclama\u00e7\u00f5es e informa\u00e7\u00f5es pessoais que recebemos com profissionalismo, confidencialidade e efici\u00eancia por meio de uma abordagem que se concentra nos pontos a seguir:<\/p><ul><li>\u00a0Reconhecer prontamente as reclama\u00e7\u00f5es<\/li><li>Designar pessoal dedicado e conduzir as reclama\u00e7\u00f5es para o departamento apropriado a fim de analis\u00e1-las<\/li><li>\u00a0Conduzir uma investiga\u00e7\u00e3o imparcial<\/li><li>\u00a0Acompanhar o andamento do processo de tratamento de reclama\u00e7\u00f5es<\/li><li>Reportar periodicamente sobre o andamento do processo<\/li><li>Fornecer uma avalia\u00e7\u00e3o final e comunicar poss\u00edveis solu\u00e7\u00f5es com base em nossas descobertas em tempo h\u00e1bil<\/li><\/ul><p><strong>Como registrar uma reclama\u00e7\u00e3o<\/strong><br \/>O objetivo da BDIL \u00e9 fornecer um processo de envio de reclama\u00e7\u00f5es simples e transparente, guiado por um procedimento claro e bem documentado. Se voc\u00ea estiver insatisfeito com nosso servi\u00e7o, poder\u00e1 enviar uma reclama\u00e7\u00e3o preenchendo o formul\u00e1rio dispon\u00edvel em nosso site.<\/p><p><strong>Quais s\u00e3o as informa\u00e7\u00f5es necess\u00e1rias para registrar uma reclama\u00e7\u00e3o?<\/strong><\/p><ul><li>Para investigar uma reclama\u00e7\u00e3o com efici\u00eancia, a BDI requer as seguintes informa\u00e7\u00f5es:<\/li><li>Seus dados pessoais (nome, nome da empresa, e-mail, telefone etc.), pois toda a comunica\u00e7\u00e3o formal ser\u00e1 enviada por e-mail ou pelo seu m\u00e9todo de contato preferido.<\/li><li>N\u00fameros de ap\u00f3lice ou quaisquer outros n\u00fameros de refer\u00eancia relevantes do cliente (por exemplo, c\u00f3digos de identifica\u00e7\u00e3o, reembolso, cota\u00e7\u00e3o etc.).<\/li><li>Detalhes completos da reclama\u00e7\u00e3o, incluindo data, eventos, indiv\u00edduos envolvidos e qualquer outra informa\u00e7\u00e3o pertinente.<\/li><li>Sua resolu\u00e7\u00e3o preferida para a reclama\u00e7\u00e3o.<\/li><\/ul><p><strong>Tratamento de reclama\u00e7\u00f5es<\/strong><br \/>Assim que uma reclama\u00e7\u00e3o for recebida, a equipe da BDIL a confirmar\u00e1 dentro de um prazo de 24 a 48 horas como parte de nossas pr\u00e1ticas de responsabiliza\u00e7\u00e3o. As reclama\u00e7\u00f5es ser\u00e3o encaminhadas e investigadas por especialistas no assunto e respondidas no prazo de 15 dias ap\u00f3s o recebimento ou em at\u00e9 30 dias se o n\u00edvel de complexidade for maior.<\/p><p>As a\u00e7\u00f5es realizadas ser\u00e3o explicadas ao reclamante junto com o resultado da investiga\u00e7\u00e3o.<\/p><p>Caso a resolu\u00e7\u00e3o da reclama\u00e7\u00e3o n\u00e3o possa ser fornecida no prazo estabelecido, enviaremos atualiza\u00e7\u00f5es, incluindo as a\u00e7\u00f5es que foram tomadas e a nova data prevista para a resolu\u00e7\u00e3o.<\/p><p><strong>M\u00e9todo de apela\u00e7\u00e3o<\/strong><br \/>Caso um reclamante n\u00e3o fique satisfeito com a resposta dada para tratar da reclama\u00e7\u00e3o, poder\u00e1 solicitar um novo processo de an\u00e1lise. Se o resultado ainda for insatisfat\u00f3rio, o reclamante poder\u00e1 solicitar orienta\u00e7\u00e3o sobre como encaminhar o caso \u00e0 Autoridade.<\/p><p>Se precisar entrar em contato conosco, acesse o nosso\u00a0<a href=\"https:\/\/www.bestdoctorsinsurance.com\/pt\/portal-de-comentarios\/\">Portal de Feedback\u00a0<\/a>.<\/p>\t\t\t\t\t\t\t\t<\/div>\n\t\t\t\t<div class=\"elementor-element elementor-element-76d090e elementor-widget elementor-widget-text-editor\" data-id=\"76d090e\" data-element_type=\"widget\" data-e-type=\"widget\" data-widget_type=\"text-editor.default\">\n\t\t\t\t\t<style>.elementor-element-76d090e{display:none !important}<\/style>\t\t\t\t<\/div>\n\t\t\t\t<\/div>\n\t\t\t\t\t<\/div>\n\t\t\t\t<\/div>\n\t\t\t\t<\/div>","protected":false},"excerpt":{"rendered":"<p>Complaints Policy Purpose Best Doctors Insurance Limited (BDIL), as well as its affiliates\/subsidiaries, value feedback from our clients and partners as a vital component of our continuous improvement. We are dedicated to conducting business with the highest standards of ethics and service quality to deliver an exceptional experience to our customers. As part of that [&hellip;]<\/p>\n","protected":false},"author":1,"featured_media":0,"parent":0,"menu_order":0,"comment_status":"closed","ping_status":"closed","template":"","meta":{"_acf_changed":false,"footnotes":""},"class_list":["post-543","page","type-page","status-publish","hentry"],"acf":[],"yoast_head":"<!-- This site is optimized with the Yoast SEO plugin v27.5 - https:\/\/yoast.com\/product\/yoast-seo-wordpress\/ -->\n<title>Complaints Policy - Best Doctors Insurance<\/title>\n<meta name=\"robots\" content=\"index, follow, max-snippet:-1, max-image-preview:large, max-video-preview:-1\" \/>\n<link rel=\"canonical\" href=\"https:\/\/www.bestdoctorsinsurance.com\/pt\/politica-de-reclamacoes\/\" \/>\n<meta property=\"og:locale\" content=\"pt_BR\" \/>\n<meta property=\"og:type\" content=\"article\" \/>\n<meta property=\"og:title\" content=\"Complaints Policy - Best Doctors Insurance\" \/>\n<meta property=\"og:description\" content=\"Complaints Policy Purpose Best Doctors Insurance Limited (BDIL), as well as its affiliates\/subsidiaries, value feedback from our clients and partners as a vital component of our continuous improvement. We are dedicated to conducting business with the highest standards of ethics and service quality to deliver an exceptional experience to our customers. As part of that [&hellip;]\" \/>\n<meta property=\"og:url\" content=\"https:\/\/www.bestdoctorsinsurance.com\/pt\/politica-de-reclamacoes\/\" \/>\n<meta property=\"og:site_name\" content=\"Best Doctors Insurance\" \/>\n<meta property=\"article:publisher\" content=\"https:\/\/www.facebook.com\/BestDoctorsInsuranceBDI\/\" \/>\n<meta property=\"article:modified_time\" content=\"2026-04-21T17:33:11+00:00\" \/>\n<meta name=\"twitter:card\" content=\"summary_large_image\" \/>\n<meta name=\"twitter:label1\" content=\"Est. tempo de leitura\" \/>\n\t<meta name=\"twitter:data1\" content=\"10 minutos\" \/>\n<script type=\"application\/ld+json\" class=\"yoast-schema-graph\">{\"@context\":\"https:\\\/\\\/schema.org\",\"@graph\":[{\"@type\":\"WebPage\",\"@id\":\"https:\\\/\\\/www.bestdoctorsinsurance.com\\\/complaints-policy\\\/\",\"url\":\"https:\\\/\\\/www.bestdoctorsinsurance.com\\\/complaints-policy\\\/\",\"name\":\"Complaints Policy - Best Doctors Insurance\",\"isPartOf\":{\"@id\":\"https:\\\/\\\/www.bestdoctorsinsurance.com\\\/#website\"},\"datePublished\":\"2026-03-04T21:46:04+00:00\",\"dateModified\":\"2026-04-21T17:33:11+00:00\",\"breadcrumb\":{\"@id\":\"https:\\\/\\\/www.bestdoctorsinsurance.com\\\/complaints-policy\\\/#breadcrumb\"},\"inLanguage\":\"pt-BR\",\"potentialAction\":[{\"@type\":\"ReadAction\",\"target\":[\"https:\\\/\\\/www.bestdoctorsinsurance.com\\\/complaints-policy\\\/\"]}]},{\"@type\":\"BreadcrumbList\",\"@id\":\"https:\\\/\\\/www.bestdoctorsinsurance.com\\\/complaints-policy\\\/#breadcrumb\",\"itemListElement\":[{\"@type\":\"ListItem\",\"position\":1,\"name\":\"Home\",\"item\":\"https:\\\/\\\/www.bestdoctorsinsurance.com\\\/en\\\/\"},{\"@type\":\"ListItem\",\"position\":2,\"name\":\"Complaints Policy\"}]},{\"@type\":\"WebSite\",\"@id\":\"https:\\\/\\\/www.bestdoctorsinsurance.com\\\/#website\",\"url\":\"https:\\\/\\\/www.bestdoctorsinsurance.com\\\/\",\"name\":\"Best Doctors Insurance\",\"description\":\"\",\"publisher\":{\"@id\":\"https:\\\/\\\/www.bestdoctorsinsurance.com\\\/#organization\"},\"potentialAction\":[{\"@type\":\"SearchAction\",\"target\":{\"@type\":\"EntryPoint\",\"urlTemplate\":\"https:\\\/\\\/www.bestdoctorsinsurance.com\\\/?s={search_term_string}\"},\"query-input\":{\"@type\":\"PropertyValueSpecification\",\"valueRequired\":true,\"valueName\":\"search_term_string\"}}],\"inLanguage\":\"pt-BR\"},{\"@type\":\"Organization\",\"@id\":\"https:\\\/\\\/www.bestdoctorsinsurance.com\\\/#organization\",\"name\":\"Best Doctors Insurance\",\"url\":\"https:\\\/\\\/www.bestdoctorsinsurance.com\\\/\",\"logo\":{\"@type\":\"ImageObject\",\"inLanguage\":\"pt-BR\",\"@id\":\"https:\\\/\\\/www.bestdoctorsinsurance.com\\\/#\\\/schema\\\/logo\\\/image\\\/\",\"url\":\"https:\\\/\\\/www.bestdoctorsinsurance.com\\\/wp-content\\\/uploads\\\/2026\\\/02\\\/cropped-Logo.png\",\"contentUrl\":\"https:\\\/\\\/www.bestdoctorsinsurance.com\\\/wp-content\\\/uploads\\\/2026\\\/02\\\/cropped-Logo.png\",\"width\":420,\"height\":105,\"caption\":\"Best Doctors Insurance\"},\"image\":{\"@id\":\"https:\\\/\\\/www.bestdoctorsinsurance.com\\\/#\\\/schema\\\/logo\\\/image\\\/\"},\"sameAs\":[\"https:\\\/\\\/www.facebook.com\\\/BestDoctorsInsuranceBDI\\\/\",\"https:\\\/\\\/www.instagram.com\\\/bestdoctorsinsurance\\\/\",\"https:\\\/\\\/www.linkedin.com\\\/company\\\/best-doctors-insurance\\\/\",\"https:\\\/\\\/www.youtube.com\\\/@BestDoctorsInsuranceworldwide\"]}]}<\/script>\n<!-- \/ Yoast SEO plugin. -->","yoast_head_json":{"title":"Complaints Policy - Best Doctors Insurance","robots":{"index":"index","follow":"follow","max-snippet":"max-snippet:-1","max-image-preview":"max-image-preview:large","max-video-preview":"max-video-preview:-1"},"canonical":"https:\/\/www.bestdoctorsinsurance.com\/pt\/politica-de-reclamacoes\/","og_locale":"pt_BR","og_type":"article","og_title":"Complaints Policy - Best Doctors Insurance","og_description":"Complaints Policy Purpose Best Doctors Insurance Limited (BDIL), as well as its affiliates\/subsidiaries, value feedback from our clients and partners as a vital component of our continuous improvement. We are dedicated to conducting business with the highest standards of ethics and service quality to deliver an exceptional experience to our customers. As part of that [&hellip;]","og_url":"https:\/\/www.bestdoctorsinsurance.com\/pt\/politica-de-reclamacoes\/","og_site_name":"Best Doctors Insurance","article_publisher":"https:\/\/www.facebook.com\/BestDoctorsInsuranceBDI\/","article_modified_time":"2026-04-21T17:33:11+00:00","twitter_card":"summary_large_image","twitter_misc":{"Est. tempo de leitura":"10 minutos"},"schema":{"@context":"https:\/\/schema.org","@graph":[{"@type":"WebPage","@id":"https:\/\/www.bestdoctorsinsurance.com\/complaints-policy\/","url":"https:\/\/www.bestdoctorsinsurance.com\/complaints-policy\/","name":"Complaints Policy - Best Doctors Insurance","isPartOf":{"@id":"https:\/\/www.bestdoctorsinsurance.com\/#website"},"datePublished":"2026-03-04T21:46:04+00:00","dateModified":"2026-04-21T17:33:11+00:00","breadcrumb":{"@id":"https:\/\/www.bestdoctorsinsurance.com\/complaints-policy\/#breadcrumb"},"inLanguage":"pt-BR","potentialAction":[{"@type":"ReadAction","target":["https:\/\/www.bestdoctorsinsurance.com\/complaints-policy\/"]}]},{"@type":"BreadcrumbList","@id":"https:\/\/www.bestdoctorsinsurance.com\/complaints-policy\/#breadcrumb","itemListElement":[{"@type":"ListItem","position":1,"name":"Home","item":"https:\/\/www.bestdoctorsinsurance.com\/en\/"},{"@type":"ListItem","position":2,"name":"Complaints Policy"}]},{"@type":"WebSite","@id":"https:\/\/www.bestdoctorsinsurance.com\/#website","url":"https:\/\/www.bestdoctorsinsurance.com\/","name":"Best Doctors Insurance","description":"","publisher":{"@id":"https:\/\/www.bestdoctorsinsurance.com\/#organization"},"potentialAction":[{"@type":"SearchAction","target":{"@type":"EntryPoint","urlTemplate":"https:\/\/www.bestdoctorsinsurance.com\/?s={search_term_string}"},"query-input":{"@type":"PropertyValueSpecification","valueRequired":true,"valueName":"search_term_string"}}],"inLanguage":"pt-BR"},{"@type":"Organization","@id":"https:\/\/www.bestdoctorsinsurance.com\/#organization","name":"Best Doctors Insurance","url":"https:\/\/www.bestdoctorsinsurance.com\/","logo":{"@type":"ImageObject","inLanguage":"pt-BR","@id":"https:\/\/www.bestdoctorsinsurance.com\/#\/schema\/logo\/image\/","url":"https:\/\/www.bestdoctorsinsurance.com\/wp-content\/uploads\/2026\/02\/cropped-Logo.png","contentUrl":"https:\/\/www.bestdoctorsinsurance.com\/wp-content\/uploads\/2026\/02\/cropped-Logo.png","width":420,"height":105,"caption":"Best Doctors Insurance"},"image":{"@id":"https:\/\/www.bestdoctorsinsurance.com\/#\/schema\/logo\/image\/"},"sameAs":["https:\/\/www.facebook.com\/BestDoctorsInsuranceBDI\/","https:\/\/www.instagram.com\/bestdoctorsinsurance\/","https:\/\/www.linkedin.com\/company\/best-doctors-insurance\/","https:\/\/www.youtube.com\/@BestDoctorsInsuranceworldwide"]}]}},"_links":{"self":[{"href":"https:\/\/www.bestdoctorsinsurance.com\/pt\/wp-json\/wp\/v2\/pages\/543","targetHints":{"allow":["GET"]}}],"collection":[{"href":"https:\/\/www.bestdoctorsinsurance.com\/pt\/wp-json\/wp\/v2\/pages"}],"about":[{"href":"https:\/\/www.bestdoctorsinsurance.com\/pt\/wp-json\/wp\/v2\/types\/page"}],"author":[{"embeddable":true,"href":"https:\/\/www.bestdoctorsinsurance.com\/pt\/wp-json\/wp\/v2\/users\/1"}],"replies":[{"embeddable":true,"href":"https:\/\/www.bestdoctorsinsurance.com\/pt\/wp-json\/wp\/v2\/comments?post=543"}],"version-history":[{"count":0,"href":"https:\/\/www.bestdoctorsinsurance.com\/pt\/wp-json\/wp\/v2\/pages\/543\/revisions"}],"wp:attachment":[{"href":"https:\/\/www.bestdoctorsinsurance.com\/pt\/wp-json\/wp\/v2\/media?parent=543"}],"curies":[{"name":"wp","href":"https:\/\/api.w.org\/{rel}","templated":true}]}}